{"id":1197,"date":"2025-08-12T17:23:33","date_gmt":"2025-08-12T15:23:33","guid":{"rendered":"https:\/\/barcelonahikingguides.com\/?page_id=1197"},"modified":"2025-09-04T20:42:52","modified_gmt":"2025-09-04T18:42:52","slug":"about","status":"publish","type":"page","link":"https:\/\/barcelonahikingguides.com\/es\/about\/","title":{"rendered":"Nosotros"},"content":{"rendered":"<div data-elementor-type=\"wp-page\" data-elementor-id=\"1197\" class=\"elementor elementor-1197\" data-elementor-post-type=\"page\">\n\t\t\t\t<div class=\"elementor-element elementor-element-f68af6b e-con-full section e-flex e-con e-child\" data-id=\"f68af6b\" data-element_type=\"container\" data-e-type=\"container\" data-settings=\"{&quot;background_background&quot;:&quot;classic&quot;}\">\n\t\t<div class=\"elementor-element elementor-element-275124f e-flex e-con-boxed e-con e-child\" data-id=\"275124f\" data-element_type=\"container\" data-e-type=\"container\">\n\t\t\t\t\t<div class=\"e-con-inner\">\n\t\t\t\t<div class=\"elementor-element elementor-element-cd75ac3 elementor-widget__width-initial elementor-widget elementor-widget-heading\" data-id=\"cd75ac3\" data-element_type=\"widget\" data-e-type=\"widget\" data-widget_type=\"heading.default\">\n\t\t\t\t\t<h2 class=\"elementor-heading-title elementor-size-default\">Con\u00f3cenos<\/h2>\t\t\t\t<\/div>\n\t\t<div class=\"elementor-element elementor-element-a21dbc9 e-grid e-con-full e-con e-child\" data-id=\"a21dbc9\" data-element_type=\"container\" data-e-type=\"container\">\n\t\t<div class=\"elementor-element elementor-element-7a1b4a2 e-con-full elementor-hidden-tablet elementor-hidden-mobile e-flex e-con e-child\" data-id=\"7a1b4a2\" data-element_type=\"container\" data-e-type=\"container\" data-settings=\"{&quot;background_background&quot;:&quot;classic&quot;}\">\n\t\t\t\t<\/div>\n\t\t<div class=\"elementor-element elementor-element-f3fa765 e-con-full e-flex e-con e-child\" data-id=\"f3fa765\" data-element_type=\"container\" data-e-type=\"container\">\n\t\t\t\t<div class=\"elementor-element elementor-element-68759bc elementor-widget elementor-widget-text-editor\" data-id=\"68759bc\" data-element_type=\"widget\" data-e-type=\"widget\" data-widget_type=\"text-editor.default\">\n\t\t\t\t\t\t\t\t\t<p>En Barcelona Senderismo Gu\u00edas, queremos caminar junto con personas dispuestas a ponerse en contacto con la naturaleza y los viajes a pie, descubriendo lugares \u00fanicos y de vida, enriquecer y transformar las experiencias en Catalu\u00f1a, como la Monta\u00f1a de Montserrat.<\/p><p><br \/>Creemos que todas las personas necesitan tanto el contacto social y el contacto con la naturaleza. Como personas, nosotros mismos somos parte de la naturaleza misma.<\/p><p><br \/>Al mismo tiempo, a trav\u00e9s de nuestras excursiones esperamos para compartir la cultura, la historia y las tradiciones de los lugares que vamos a viajar juntos.<\/p><p>R\u00e1pido de Reserva en L\u00ednea y con confirmaci\u00f3n instant\u00e1nea.<\/p>\t\t\t\t\t\t\t\t<\/div>\n\t\t\t\t<\/div>\n\t\t\t\t<\/div>\n\t\t\t\t\t<\/div>\n\t\t\t\t<\/div>\n\t\t\t\t<\/div>\n\t\t\t\t<\/div>","protected":false},"excerpt":{"rendered":"<p>Meet us At Barcelona Hiking Guides, we want to walk along with people willing to get in touch with nature and to travel by foot, discovering unique places and living enriching and transforming experiences in Catalonia, such as Montserrat Mountain. We believe that all people need both social contact and contact with nature. As people, [&hellip;]<\/p>\n","protected":false},"author":1,"featured_media":0,"parent":0,"menu_order":0,"comment_status":"closed","ping_status":"closed","template":"","meta":{"footnotes":""},"class_list":["post-1197","page","type-page","status-publish","hentry"],"_links":{"self":[{"href":"https:\/\/barcelonahikingguides.com\/es\/wp-json\/wp\/v2\/pages\/1197","targetHints":{"allow":["GET"]}}],"collection":[{"href":"https:\/\/barcelonahikingguides.com\/es\/wp-json\/wp\/v2\/pages"}],"about":[{"href":"https:\/\/barcelonahikingguides.com\/es\/wp-json\/wp\/v2\/types\/page"}],"author":[{"embeddable":true,"href":"https:\/\/barcelonahikingguides.com\/es\/wp-json\/wp\/v2\/users\/1"}],"replies":[{"embeddable":true,"href":"https:\/\/barcelonahikingguides.com\/es\/wp-json\/wp\/v2\/comments?post=1197"}],"version-history":[{"count":0,"href":"https:\/\/barcelonahikingguides.com\/es\/wp-json\/wp\/v2\/pages\/1197\/revisions"}],"wp:attachment":[{"href":"https:\/\/barcelonahikingguides.com\/es\/wp-json\/wp\/v2\/media?parent=1197"}],"curies":[{"name":"wp","href":"https:\/\/api.w.org\/{rel}","templated":true}]}}