{"id":1528,"date":"2025-08-14T15:41:23","date_gmt":"2025-08-14T13:41:23","guid":{"rendered":"https:\/\/barcelonahikingguides.com\/imprint\/"},"modified":"2025-08-14T15:41:23","modified_gmt":"2025-08-14T13:41:23","slug":"imprint","status":"publish","type":"page","link":"https:\/\/barcelonahikingguides.com\/es\/imprint\/","title":{"rendered":"Pie de imprenta"},"content":{"rendered":"<!-- Legal document generated by Complianz | GDPR\/CCPA Cookie Consent https:\/\/wordpress.org\/plugins\/complianz-gdpr -->\n<div id=\"cmplz-document\" class=\"cmplz-document impressum cmplz-document-all\"><p><i>Este aviso legal \/ imprint fue actualizado por \u00faltima vez el 13 de agosto de 2025.<\/i><\/p><p class=\"cmplz-subtitle\">El propietario de esta web es:<\/p><p>Ferm\u00ed Marco P\u00e9rrez Ferm\u00ed Marco P\u00e9rez<br>Carrer Caponata 15-17, 08034 Barcelona, Barcelona<br>Espa\u00f1a<br>Correo electr\u00f3nico:&nbsp;<span class=\"cmplz-obfuscate\">in&#102;&#111;@<span class=\"cmplz-fmail-domain\">ex.c&#111;m<\/span>&#098;&#097;rc&#101;lona&#104;&#105;k&#105;&#110;g&#103;&#117;i&#100;&#101;&#115;.c&#111;&#109;<\/span><br>N\u00famero de tel\u00e9fono: +34555555555<br>CIF (N\u00famero de IVA):&nbsp;37375486A<\/p><h2>1. General<\/h2><p>No estamos dispuestos ni obligados a participar en procedimientos de resoluci\u00f3n de conflictos ante una junta de arbitraje de consumo.<\/p><\/div>","protected":false},"excerpt":{"rendered":"","protected":false},"author":1,"featured_media":0,"parent":0,"menu_order":0,"comment_status":"closed","ping_status":"closed","template":"","meta":{"footnotes":""},"class_list":["post-1528","page","type-page","status-publish","hentry"],"_links":{"self":[{"href":"https:\/\/barcelonahikingguides.com\/es\/wp-json\/wp\/v2\/pages\/1528","targetHints":{"allow":["GET"]}}],"collection":[{"href":"https:\/\/barcelonahikingguides.com\/es\/wp-json\/wp\/v2\/pages"}],"about":[{"href":"https:\/\/barcelonahikingguides.com\/es\/wp-json\/wp\/v2\/types\/page"}],"author":[{"embeddable":true,"href":"https:\/\/barcelonahikingguides.com\/es\/wp-json\/wp\/v2\/users\/1"}],"replies":[{"embeddable":true,"href":"https:\/\/barcelonahikingguides.com\/es\/wp-json\/wp\/v2\/comments?post=1528"}],"version-history":[{"count":0,"href":"https:\/\/barcelonahikingguides.com\/es\/wp-json\/wp\/v2\/pages\/1528\/revisions"}],"wp:attachment":[{"href":"https:\/\/barcelonahikingguides.com\/es\/wp-json\/wp\/v2\/media?parent=1528"}],"curies":[{"name":"wp","href":"https:\/\/api.w.org\/{rel}","templated":true}]}}